{"id":10,"date":"2025-10-17T00:00:05","date_gmt":"2025-10-16T22:00:05","guid":{"rendered":"https:\/\/education-freinet-emancipation.org\/?page_id=10"},"modified":"2026-02-10T13:20:52","modified_gmt":"2026-02-10T12:20:52","slug":"accueil","status":"publish","type":"page","link":"https:\/\/education-freinet-emancipation.org\/","title":{"rendered":"Accueil"},"content":{"rendered":"<div id=\"pl-10\"  class=\"panel-layout\" ><div id=\"pg-10-0\"  class=\"panel-grid panel-no-style\" ><div id=\"pgc-10-0-0\"  class=\"panel-grid-cell\" ><div id=\"panel-10-0-0-0\" class=\"so-panel widget widget_sow-editor panel-first-child\" data-index=\"0\" ><div\n\t\t\t\n\t\t\tclass=\"so-widget-sow-editor so-widget-sow-editor-base\"\n\t\t\t\n\t\t>\n<div class=\"siteorigin-widget-tinymce textwidget\">\n\t<h4 style=\"text-align: center;\"><a href=\"https:\/\/education-freinet-emancipation.org\/index.php\/une-ecole-democratique\/\"><span style=\"color: #981be5;\">Une \u00e9cole d\u00e9mocratique<\/span><\/a><br \/>\n<a href=\"https:\/\/education-freinet-emancipation.org\/index.php\/une-ecole-democratique\/\"><span style=\"color: #981be5;\">cr\u00e9ative et joyeuse<\/span><\/a><\/h4>\n<\/div>\n<\/div><\/div><div id=\"panel-10-0-0-1\" class=\"so-panel widget widget_sow-editor\" data-index=\"1\" ><div\n\t\t\t\n\t\t\tclass=\"so-widget-sow-editor so-widget-sow-editor-base\"\n\t\t\t\n\t\t>\n<div class=\"siteorigin-widget-tinymce textwidget\">\n\t<h4 style=\"text-align: center;\"><a href=\"https:\/\/education-freinet-emancipation.org\/index.php\/orientations\/\"><span style=\"color: #981be5;\">Th\u00e9orie Orientations<\/span><\/a><\/h4>\n<\/div>\n<\/div><\/div><div id=\"panel-10-0-0-2\" class=\"so-panel widget widget_sow-editor panel-last-child\" data-index=\"2\" ><div\n\t\t\t\n\t\t\tclass=\"so-widget-sow-editor so-widget-sow-editor-base\"\n\t\t\t\n\t\t>\n<div class=\"siteorigin-widget-tinymce textwidget\">\n\t<h4 style=\"text-align: center;\"><a href=\"https:\/\/education-freinet-emancipation.org\/index.php\/gazettes\/\"><span style=\"color: #8654d1;\"><span style=\"color: #981be5;\">La Gazette des Compagnons<\/span><\/span><\/a><\/h4>\n<\/div>\n<\/div><\/div><\/div><div id=\"pgc-10-0-1\"  class=\"panel-grid-cell\" ><div id=\"panel-10-0-1-0\" class=\"so-panel widget widget_sow-editor panel-first-child\" data-index=\"3\" ><div\n\t\t\t\n\t\t\tclass=\"so-widget-sow-editor so-widget-sow-editor-base\"\n\t\t\t\n\t\t>\n<div class=\"siteorigin-widget-tinymce textwidget\">\n\t<h4 style=\"text-align: center;\"><span style=\"color: #981be5;\">Pratiques de classe<\/span><\/h4>\n<\/div>\n<\/div><\/div><div id=\"panel-10-0-1-1\" class=\"so-panel widget widget_sow-editor\" data-index=\"4\" ><div\n\t\t\t\n\t\t\tclass=\"so-widget-sow-editor so-widget-sow-editor-base\"\n\t\t\t\n\t\t>\n<div class=\"siteorigin-widget-tinymce textwidget\">\n\t<h4 style=\"text-align: center;\"><a href=\"https:\/\/education-freinet-emancipation.org\/index.php\/recits-de-compagnonnage\/\"><span style=\"color: #981be5;\">R\u00e9cits de compagnonnage<\/span><\/a><\/h4>\n<\/div>\n<\/div><\/div><div id=\"panel-10-0-1-2\" class=\"so-panel widget widget_sow-editor panel-last-child\" data-index=\"5\" ><div\n\t\t\t\n\t\t\tclass=\"so-widget-sow-editor so-widget-sow-editor-base\"\n\t\t\t\n\t\t>\n<div class=\"siteorigin-widget-tinymce textwidget\">\n\t<h4 style=\"text-align: center;\"><span style=\"color: #6e22ba;\"><a href=\"https:\/\/education-freinet-emancipation.org\/index.php\/priorite-a-la-vie-moments-vecus-en-classe\/\"><span style=\"color: #981be5;\">Priorit\u00e9 \u00e0 la vie<\/span><\/a><br \/>\n<span style=\"color: #981be5;\">(moments v\u00e9cus en classe)<\/span><\/span><\/h4>\n<\/div>\n<\/div><\/div><\/div><\/div><div id=\"pg-10-1\"  class=\"panel-grid panel-no-style\" ><div id=\"pgc-10-1-0\"  class=\"panel-grid-cell\" ><div id=\"panel-10-1-0-0\" class=\"so-panel widget widget_sow-editor panel-first-child panel-last-child\" data-index=\"6\" ><div\n\t\t\t\n\t\t\tclass=\"so-widget-sow-editor so-widget-sow-editor-base\"\n\t\t\t\n\t\t>\n<div class=\"siteorigin-widget-tinymce textwidget\">\n\t<p>&nbsp;<\/p>\n<p>&nbsp;<\/p>\n<\/div>\n<\/div><\/div><\/div><\/div><div id=\"pg-10-2\"  class=\"panel-grid panel-no-style\" ><div id=\"pgc-10-2-0\"  class=\"panel-grid-cell panel-grid-cell-empty\" ><\/div><div id=\"pgc-10-2-1\"  class=\"panel-grid-cell\" ><div id=\"panel-10-2-1-0\" class=\"so-panel widget widget_sow-editor panel-first-child panel-last-child\" data-index=\"7\" ><div\n\t\t\t\n\t\t\tclass=\"so-widget-sow-editor so-widget-sow-editor-base\"\n\t\t\t\n\t\t>\n<div class=\"siteorigin-widget-tinymce textwidget\">\n\t<h5 style=\"text-align: center;\"><a href=\"https:\/\/education-freinet-emancipation.org\/index.php\/quelques-publications\/\"><strong><span style=\"color: #008000;\">Quelques publications<\/span><\/strong><\/a><\/h5>\n<\/div>\n<\/div><\/div><\/div><div id=\"pgc-10-2-2\"  class=\"panel-grid-cell\" ><div id=\"panel-10-2-2-0\" class=\"so-panel widget widget_sow-editor panel-first-child panel-last-child\" data-index=\"8\" ><div\n\t\t\t\n\t\t\tclass=\"so-widget-sow-editor so-widget-sow-editor-base\"\n\t\t\t\n\t\t>\n<div class=\"siteorigin-widget-tinymce textwidget\">\n\t<h5 style=\"text-align: center;\"><a href=\"https:\/\/education-freinet-emancipation.org\/index.php\/sites-amis-2\/\"><strong><span style=\"color: #008000;\">Sites amis<\/span><\/strong><\/a><\/h5>\n<\/div>\n<\/div><\/div><\/div><div id=\"pgc-10-2-3\"  class=\"panel-grid-cell panel-grid-cell-mobile-last\" ><div id=\"panel-10-2-3-0\" class=\"so-panel widget widget_sow-editor panel-first-child panel-last-child\" data-index=\"9\" ><div\n\t\t\t\n\t\t\tclass=\"so-widget-sow-editor so-widget-sow-editor-base\"\n\t\t\t\n\t\t>\n<div class=\"siteorigin-widget-tinymce textwidget\">\n\t<h5 style=\"text-align: center;\"><a href=\"https:\/\/education-freinet-emancipation.org\/index.php\/definitions-2\/\"><strong><span style=\"color: #008000;\">D\u00e9finitions<\/span><\/strong><\/a><\/h5>\n<\/div>\n<\/div><\/div><\/div><div id=\"pgc-10-2-4\"  class=\"panel-grid-cell panel-grid-cell-empty\" ><\/div><\/div><\/div>","protected":false},"excerpt":{"rendered":"<p>Une \u00e9cole d\u00e9mocratique cr\u00e9ative et joyeuse Th\u00e9orie Orientations La Gazette des Compagnons Pratiques de classe R\u00e9cits de compagnonnage Priorit\u00e9 \u00e0 la vie (moments v\u00e9cus en classe) &nbsp; &nbsp;<\/p>","protected":false},"author":1,"featured_media":0,"parent":0,"menu_order":0,"comment_status":"closed","ping_status":"closed","template":"","meta":{"footnotes":""},"class_list":["post-10","page","type-page","status-publish","czr-hentry"],"_links":{"self":[{"href":"https:\/\/education-freinet-emancipation.org\/index.php\/wp-json\/wp\/v2\/pages\/10","targetHints":{"allow":["GET"]}}],"collection":[{"href":"https:\/\/education-freinet-emancipation.org\/index.php\/wp-json\/wp\/v2\/pages"}],"about":[{"href":"https:\/\/education-freinet-emancipation.org\/index.php\/wp-json\/wp\/v2\/types\/page"}],"author":[{"embeddable":true,"href":"https:\/\/education-freinet-emancipation.org\/index.php\/wp-json\/wp\/v2\/users\/1"}],"replies":[{"embeddable":true,"href":"https:\/\/education-freinet-emancipation.org\/index.php\/wp-json\/wp\/v2\/comments?post=10"}],"version-history":[{"count":64,"href":"https:\/\/education-freinet-emancipation.org\/index.php\/wp-json\/wp\/v2\/pages\/10\/revisions"}],"predecessor-version":[{"id":414,"href":"https:\/\/education-freinet-emancipation.org\/index.php\/wp-json\/wp\/v2\/pages\/10\/revisions\/414"}],"wp:attachment":[{"href":"https:\/\/education-freinet-emancipation.org\/index.php\/wp-json\/wp\/v2\/media?parent=10"}],"curies":[{"name":"wp","href":"https:\/\/api.w.org\/{rel}","templated":true}]}}