{"id":128,"date":"2025-10-28T12:16:55","date_gmt":"2025-10-28T11:16:55","guid":{"rendered":"https:\/\/education-freinet-emancipation.org\/?page_id=128"},"modified":"2025-12-23T10:23:29","modified_gmt":"2025-12-23T09:23:29","slug":"qui-sommes-nous","status":"publish","type":"page","link":"https:\/\/education-freinet-emancipation.org\/index.php\/qui-sommes-nous\/","title":{"rendered":"Qui sommes-nous&nbsp;?"},"content":{"rendered":"<div id=\"pl-128\"  class=\"panel-layout\" ><div id=\"pg-128-0\"  class=\"panel-grid panel-no-style\" ><div id=\"pgc-128-0-0\"  class=\"panel-grid-cell panel-grid-cell-empty\" ><\/div><div id=\"pgc-128-0-1\"  class=\"panel-grid-cell panel-grid-cell-mobile-last\" ><div id=\"panel-128-0-1-0\" class=\"so-panel widget widget_sow-editor panel-first-child panel-last-child\" data-index=\"0\" ><div\n\t\t\t\n\t\t\tclass=\"so-widget-sow-editor so-widget-sow-editor-base\"\n\t\t\t\n\t\t>\n<div class=\"siteorigin-widget-tinymce textwidget\">\n\t<p style=\"margin-bottom: .0001pt; text-align: justify;\">Nous sommes un collectif de travailleurs de l\u2019enseignement, membres du mouvement international Freinet. Nous contribuons \u00e0 un effort d\u2019actualisation th\u00e9orique et pratique de la p\u00e9dagogie Freinet, et de fid\u00e9lit\u00e9 \u00e0 ses r\u00e9alisations et \u00e0 ses principes. Nous agissons dans un but de g\u00e9n\u00e9ralisation de pratiques p\u00e9dagogiques \u00e9galitaires, fond\u00e9es sur l\u2019id\u00e9e politique de souverainet\u00e9 sur le travail.<\/p>\n<p style=\"margin-bottom: .0001pt; text-align: justify;\">La notion de compagnonnage renvoie \u00e0 une exigence de formation en profondeur, dans la longue dur\u00e9e et sur des bases assur\u00e9es, les compagnons ayant eux-m\u00eames \u00e9t\u00e9 form\u00e9s par compagnonnage.<\/p>\n<p style=\"margin-bottom: .0001pt; text-align: justify;\">Les sources principales sont la transmission empirique par compagnonnage, l\u2019exp\u00e9rimentation coop\u00e9rative et l\u2019\u00e9tude des archives.<\/p>\n<p style=\"margin-bottom: .0001pt; text-align: justify;\">L\u2019activit\u00e9 poursuit une logique d\u2019orientation, elle vise \u00e0 inspirer et \u00e0 enthousiasmer les pratiques quotidiennes.<\/p>\n<p style=\"margin-bottom: .0001pt; text-align: justify;\">Nous recommandons la centralit\u00e9 de ce que Freinet a nomm\u00e9 la M\u00e9thode naturelle (une approche sensible d\u2019apprentissage et d\u2019enseignement par t\u00e2tonnement \u00e9clair\u00e9), par une coop\u00e9ration radicale (coop\u00e9rer, c\u2019est faire \u0153uvre commune, dans tous les domaines).<\/p>\n<p style=\"margin-bottom: .0001pt; text-align: justify;\">Outre les principes politiques r\u00e9volutionnaires d\u2019\u00e9galit\u00e9 et de souverainet\u00e9 sur le travail, et une \u00e9pist\u00e9mologie simplexe (complexit\u00e9, simplicit\u00e9, sobri\u00e9t\u00e9), nous suivons une \u00e9thique fraternelle de la joie de vivre.<\/p>\n<\/div>\n<\/div><\/div><\/div><div id=\"pgc-128-0-2\"  class=\"panel-grid-cell panel-grid-cell-empty\" ><\/div><\/div><\/div>","protected":false},"excerpt":{"rendered":"<p>Nous sommes un collectif de travailleurs de l\u2019enseignement, membres du mouvement international Freinet. Nous contribuons \u00e0 un effort d\u2019actualisation th\u00e9orique et pratique de la p\u00e9dagogie Freinet, et de fid\u00e9lit\u00e9 \u00e0 ses r\u00e9alisations et \u00e0 ses principes. Nous agissons dans un but de g\u00e9n\u00e9ralisation de pratiques p\u00e9dagogiques \u00e9galitaires, fond\u00e9es sur l\u2019id\u00e9e politique de souverainet\u00e9 sur le [&hellip;]<\/p>","protected":false},"author":1,"featured_media":0,"parent":0,"menu_order":0,"comment_status":"closed","ping_status":"closed","template":"","meta":{"footnotes":""},"class_list":["post-128","page","type-page","status-publish","czr-hentry"],"_links":{"self":[{"href":"https:\/\/education-freinet-emancipation.org\/index.php\/wp-json\/wp\/v2\/pages\/128","targetHints":{"allow":["GET"]}}],"collection":[{"href":"https:\/\/education-freinet-emancipation.org\/index.php\/wp-json\/wp\/v2\/pages"}],"about":[{"href":"https:\/\/education-freinet-emancipation.org\/index.php\/wp-json\/wp\/v2\/types\/page"}],"author":[{"embeddable":true,"href":"https:\/\/education-freinet-emancipation.org\/index.php\/wp-json\/wp\/v2\/users\/1"}],"replies":[{"embeddable":true,"href":"https:\/\/education-freinet-emancipation.org\/index.php\/wp-json\/wp\/v2\/comments?post=128"}],"version-history":[{"count":7,"href":"https:\/\/education-freinet-emancipation.org\/index.php\/wp-json\/wp\/v2\/pages\/128\/revisions"}],"predecessor-version":[{"id":288,"href":"https:\/\/education-freinet-emancipation.org\/index.php\/wp-json\/wp\/v2\/pages\/128\/revisions\/288"}],"wp:attachment":[{"href":"https:\/\/education-freinet-emancipation.org\/index.php\/wp-json\/wp\/v2\/media?parent=128"}],"curies":[{"name":"wp","href":"https:\/\/api.w.org\/{rel}","templated":true}]}}