{"id":137,"date":"2025-10-30T18:39:36","date_gmt":"2025-10-30T17:39:36","guid":{"rendered":"https:\/\/education-freinet-emancipation.org\/?page_id=137"},"modified":"2026-01-07T11:25:29","modified_gmt":"2026-01-07T10:25:29","slug":"orientations","status":"publish","type":"page","link":"https:\/\/education-freinet-emancipation.org\/index.php\/orientations\/","title":{"rendered":"Th\u00e9orie Orientations"},"content":{"rendered":"<div id=\"pl-137\"  class=\"panel-layout\" ><div id=\"pg-137-0\"  class=\"panel-grid panel-no-style\" ><div id=\"pgc-137-0-0\"  class=\"panel-grid-cell\" ><div id=\"panel-137-0-0-0\" class=\"so-panel widget widget_sow-image panel-first-child\" data-index=\"0\" ><div\n\t\t\t\n\t\t\tclass=\"so-widget-sow-image so-widget-sow-image-default-69eac340476d-137\"\n\t\t\t\n\t\t>\n<div class=\"sow-image-container\">\n\t\t\t<a href=\"https:\/\/education-freinet-emancipation.org\/index.php\/orientations\/declaration-du-college-des-compagnons\/\"\n\t\t\t\t\t>\n\t\t\t<img \n\tsrc=\"https:\/\/education-freinet-emancipation.org\/wp-content\/uploads\/2026\/01\/ForgeronImageBulle.jpg\" width=\"360\" height=\"360\" srcset=\"https:\/\/education-freinet-emancipation.org\/wp-content\/uploads\/2026\/01\/ForgeronImageBulle.jpg 360w, https:\/\/education-freinet-emancipation.org\/wp-content\/uploads\/2026\/01\/ForgeronImageBulle-300x300.jpg 300w, https:\/\/education-freinet-emancipation.org\/wp-content\/uploads\/2026\/01\/ForgeronImageBulle-150x150.jpg 150w\" sizes=\"(max-width: 360px) 100vw, 360px\" alt=\"\" \t\tclass=\"so-widget-image\"\/>\n\t\t\t<\/a><\/div>\n\n<\/div><\/div><div id=\"panel-137-0-0-1\" class=\"so-panel widget widget_sow-editor panel-last-child\" data-index=\"1\" ><div\n\t\t\t\n\t\t\tclass=\"so-widget-sow-editor so-widget-sow-editor-base\"\n\t\t\t\n\t\t>\n<div class=\"siteorigin-widget-tinymce textwidget\">\n\t<h5 style=\"text-align: center;\"><span style=\"color: #981be5;\">D\u00e9claration du Coll\u00e8ge des Compagnons \u00e0 l'intention du mouvement Freinet<\/span><\/h5>\n<\/div>\n<\/div><\/div><\/div><div id=\"pgc-137-0-1\"  class=\"panel-grid-cell\" ><div id=\"panel-137-0-1-0\" class=\"so-panel widget widget_sow-image panel-first-child\" data-index=\"2\" ><div\n\t\t\t\n\t\t\tclass=\"so-widget-sow-image so-widget-sow-image-default-69eac340476d-137\"\n\t\t\t\n\t\t>\n<div class=\"sow-image-container\">\n\t\t\t<a href=\"https:\/\/education-freinet-emancipation.org\/index.php\/orientations\/methode-naturelle-et-cooperation\/\"\n\t\t\t\t\t>\n\t\t\t<img \n\tsrc=\"https:\/\/education-freinet-emancipation.org\/wp-content\/uploads\/2025\/10\/MN01.jpg\" width=\"500\" height=\"500\" srcset=\"https:\/\/education-freinet-emancipation.org\/wp-content\/uploads\/2025\/10\/MN01.jpg 500w, https:\/\/education-freinet-emancipation.org\/wp-content\/uploads\/2025\/10\/MN01-300x300.jpg 300w, https:\/\/education-freinet-emancipation.org\/wp-content\/uploads\/2025\/10\/MN01-150x150.jpg 150w\" sizes=\"(max-width: 500px) 100vw, 500px\" title=\"M\u00e9thode naturelle et coop\u00e9ration&nbsp;: le c\u0153ur vivant de la p\u00e9dagogie Freinet\" alt=\"\" \t\tclass=\"so-widget-image\"\/>\n\t\t\t<\/a><\/div>\n\n<\/div><\/div><div id=\"panel-137-0-1-1\" class=\"so-panel widget widget_sow-editor panel-last-child\" data-index=\"3\" ><div\n\t\t\t\n\t\t\tclass=\"so-widget-sow-editor so-widget-sow-editor-base\"\n\t\t\t\n\t\t>\n<div class=\"siteorigin-widget-tinymce textwidget\">\n\t<h5 style=\"text-align: center;\"><span style=\"color: #981be5;\">M\u00e9thode naturelle<br \/>\n<\/span><span style=\"color: #981be5;\">et coop\u00e9ration<\/span><\/h5>\n<\/div>\n<\/div><\/div><\/div><div id=\"pgc-137-0-2\"  class=\"panel-grid-cell\" ><div id=\"panel-137-0-2-0\" class=\"so-panel widget widget_sow-image panel-first-child panel-last-child\" data-index=\"4\" ><div\n\t\t\t\n\t\t\tclass=\"so-widget-sow-image so-widget-sow-image-default-69eac340476d-137\"\n\t\t\t\n\t\t>\n<div class=\"sow-image-container\">\n\t\t<img \n\tsrc=\"https:\/\/education-freinet-emancipation.org\/wp-content\/uploads\/2025\/10\/modele-rond.jpg\" width=\"500\" height=\"500\" srcset=\"https:\/\/education-freinet-emancipation.org\/wp-content\/uploads\/2025\/10\/modele-rond.jpg 500w, https:\/\/education-freinet-emancipation.org\/wp-content\/uploads\/2025\/10\/modele-rond-300x300.jpg 300w, https:\/\/education-freinet-emancipation.org\/wp-content\/uploads\/2025\/10\/modele-rond-150x150.jpg 150w\" sizes=\"(max-width: 500px) 100vw, 500px\" title=\"mod\u00e8le rond\" alt=\"\" \t\tclass=\"so-widget-image\"\/>\n\t<\/div>\n\n<\/div><\/div><\/div><div id=\"pgc-137-0-3\"  class=\"panel-grid-cell\" ><div id=\"panel-137-0-3-0\" class=\"so-panel widget widget_sow-image panel-first-child panel-last-child\" data-index=\"5\" ><div\n\t\t\t\n\t\t\tclass=\"so-widget-sow-image so-widget-sow-image-default-69eac340476d-137\"\n\t\t\t\n\t\t>\n<div class=\"sow-image-container\">\n\t\t<img \n\tsrc=\"https:\/\/education-freinet-emancipation.org\/wp-content\/uploads\/2025\/10\/modele-rond.jpg\" width=\"500\" height=\"500\" srcset=\"https:\/\/education-freinet-emancipation.org\/wp-content\/uploads\/2025\/10\/modele-rond.jpg 500w, https:\/\/education-freinet-emancipation.org\/wp-content\/uploads\/2025\/10\/modele-rond-300x300.jpg 300w, https:\/\/education-freinet-emancipation.org\/wp-content\/uploads\/2025\/10\/modele-rond-150x150.jpg 150w\" sizes=\"(max-width: 500px) 100vw, 500px\" title=\"mod\u00e8le rond\" alt=\"\" \t\tclass=\"so-widget-image\"\/>\n\t<\/div>\n\n<\/div><\/div><\/div><\/div><\/div>","protected":false},"excerpt":{"rendered":"<p>D\u00e9claration du Coll\u00e8ge des Compagnons \u00e0 l&rsquo;intention du mouvement Freinet M\u00e9thode naturelle et coop\u00e9ration<\/p>","protected":false},"author":1,"featured_media":0,"parent":0,"menu_order":0,"comment_status":"closed","ping_status":"closed","template":"","meta":{"footnotes":""},"class_list":["post-137","page","type-page","status-publish","czr-hentry"],"_links":{"self":[{"href":"https:\/\/education-freinet-emancipation.org\/index.php\/wp-json\/wp\/v2\/pages\/137","targetHints":{"allow":["GET"]}}],"collection":[{"href":"https:\/\/education-freinet-emancipation.org\/index.php\/wp-json\/wp\/v2\/pages"}],"about":[{"href":"https:\/\/education-freinet-emancipation.org\/index.php\/wp-json\/wp\/v2\/types\/page"}],"author":[{"embeddable":true,"href":"https:\/\/education-freinet-emancipation.org\/index.php\/wp-json\/wp\/v2\/users\/1"}],"replies":[{"embeddable":true,"href":"https:\/\/education-freinet-emancipation.org\/index.php\/wp-json\/wp\/v2\/comments?post=137"}],"version-history":[{"count":22,"href":"https:\/\/education-freinet-emancipation.org\/index.php\/wp-json\/wp\/v2\/pages\/137\/revisions"}],"predecessor-version":[{"id":324,"href":"https:\/\/education-freinet-emancipation.org\/index.php\/wp-json\/wp\/v2\/pages\/137\/revisions\/324"}],"wp:attachment":[{"href":"https:\/\/education-freinet-emancipation.org\/index.php\/wp-json\/wp\/v2\/media?parent=137"}],"curies":[{"name":"wp","href":"https:\/\/api.w.org\/{rel}","templated":true}]}}