{"id":283,"date":"2025-12-23T09:48:42","date_gmt":"2025-12-23T08:48:42","guid":{"rendered":"https:\/\/education-freinet-emancipation.org\/?page_id=283"},"modified":"2026-04-10T20:29:28","modified_gmt":"2026-04-10T18:29:28","slug":"sites-amis-2","status":"publish","type":"page","link":"https:\/\/education-freinet-emancipation.org\/index.php\/sites-amis-2\/","title":{"rendered":"Sites amis"},"content":{"rendered":"<div id=\"pl-283\"  class=\"panel-layout\" ><div id=\"pg-283-0\"  class=\"panel-grid panel-no-style\" ><div id=\"pgc-283-0-0\"  class=\"panel-grid-cell panel-grid-cell-empty\" ><\/div><div id=\"pgc-283-0-1\"  class=\"panel-grid-cell panel-grid-cell-mobile-last\" ><div id=\"panel-283-0-1-0\" class=\"so-panel widget widget_sow-editor panel-first-child panel-last-child\" data-index=\"0\" ><div\n\t\t\t\n\t\t\tclass=\"so-widget-sow-editor so-widget-sow-editor-base\"\n\t\t\t\n\t\t>\n<div class=\"siteorigin-widget-tinymce textwidget\">\n\t<p>Site Oc\u00e9an articles,<br \/>\n<em><span class=\"header-tagline \">\" navigation dans l'\u0153uvre de Paul Le Bohec, pour une \u00e9cole r\u00e9paratrice de destins\"<\/span>\u00a0:<\/em><br \/>\n<a href=\"https:\/\/librelibre.org\/\" target=\"_blank\" rel=\"noopener\">https:\/\/librelibre.org\/<\/a><\/p>\n<p>Site de l'association M\u00e9thode naturelle Paul Le Bohec,<br \/>\n<span class=\"header-tagline \"><em>\"pour que vive la M\u00e9thode naturelle telle que Paul Le Bohec la mettait en \u0153uvre\"<\/em> :<\/span><br \/>\n<a href=\"https:\/\/librelibre.fr\/\" target=\"_blank\" rel=\"noopener\">https:\/\/librelibre.fr\/<\/a><\/p>\n<p>Classes de Juliette\u00a0:<br \/>\ncycle 3\u00a0: <a href=\"https:\/\/ecoles-rpi-broualan-trans.ac-rennes.fr\/spip.php?rubrique16\" target=\"_blank\" rel=\"noopener\">https:\/\/ecoles-rpi-broualan-trans.ac-rennes.fr\/spip.php?rubrique16<\/a><br \/>\ncycle 2\u00a0:\u00a0<a href=\"https:\/\/ecoles-rpi-sains-stgeorges-stmarcan.ac-rennes.fr\/spip.php?rubrique72\" target=\"_blank\" rel=\"noopener\">https:\/\/ecoles-rpi-sains-stgeorges-stmarcan.ac-rennes.fr\/spip.php?rubrique72<\/a><\/p>\n<p>Site de l'ICEM, Institut Coop\u00e9ratif de l'\u00c9cole Moderne, p\u00e9dagogie Freinet&nbsp;:<br \/>\n<a href=\"https:\/\/www.icem-pedagogie-freinet.org\/archives-recherche-guidee\" target=\"_blank\" rel=\"noopener\">https:\/\/www.icem-pedagogie-freinet.org\/archives-recherche-guidee<\/a><\/p>\n<p>Site des amis de Freinet&nbsp;:<br \/>\n<a href=\"https:\/\/www.asso-amis-de-freinet.org\/\" target=\"_blank\" rel=\"noopener\">https:\/\/www.asso-amis-de-freinet.org\/<\/a><\/p>\n<p>Site des \u00e9l\u00e8ves de la section Freinet du lyc\u00e9e de La Ciotat&nbsp;:<br \/>\n<a href=\"https:\/\/sites.google.com\/view\/freinet-lycee-lumiere\/accueil\" target=\"_blank\" rel=\"noopener\">https:\/\/sites.google.com\/view\/freinet-lycee-lumiere\/accueil<\/a><\/p>\n<\/div>\n<\/div><\/div><\/div><div id=\"pgc-283-0-2\"  class=\"panel-grid-cell panel-grid-cell-empty\" ><\/div><\/div><\/div>","protected":false},"excerpt":{"rendered":"<p>Site Oc\u00e9an articles, \u00a0\u00bb navigation dans l&rsquo;\u0153uvre de Paul Le Bohec, pour une \u00e9cole r\u00e9paratrice de destins\u00a0\u00bb\u00a0: https:\/\/librelibre.org\/ Site de l&rsquo;association M\u00e9thode naturelle Paul Le Bohec, \u00ab\u00a0pour que vive la M\u00e9thode naturelle telle que Paul Le Bohec la mettait en \u0153uvre\u00a0\u00bb : https:\/\/librelibre.fr\/ Classes de Juliette\u00a0: cycle 3\u00a0: https:\/\/ecoles-rpi-broualan-trans.ac-rennes.fr\/spip.php?rubrique16 cycle 2\u00a0:\u00a0https:\/\/ecoles-rpi-sains-stgeorges-stmarcan.ac-rennes.fr\/spip.php?rubrique72 Site de l&rsquo;ICEM, Institut [&hellip;]<\/p>","protected":false},"author":1,"featured_media":0,"parent":0,"menu_order":0,"comment_status":"closed","ping_status":"closed","template":"","meta":{"footnotes":""},"class_list":["post-283","page","type-page","status-publish","czr-hentry"],"_links":{"self":[{"href":"https:\/\/education-freinet-emancipation.org\/index.php\/wp-json\/wp\/v2\/pages\/283","targetHints":{"allow":["GET"]}}],"collection":[{"href":"https:\/\/education-freinet-emancipation.org\/index.php\/wp-json\/wp\/v2\/pages"}],"about":[{"href":"https:\/\/education-freinet-emancipation.org\/index.php\/wp-json\/wp\/v2\/types\/page"}],"author":[{"embeddable":true,"href":"https:\/\/education-freinet-emancipation.org\/index.php\/wp-json\/wp\/v2\/users\/1"}],"replies":[{"embeddable":true,"href":"https:\/\/education-freinet-emancipation.org\/index.php\/wp-json\/wp\/v2\/comments?post=283"}],"version-history":[{"count":6,"href":"https:\/\/education-freinet-emancipation.org\/index.php\/wp-json\/wp\/v2\/pages\/283\/revisions"}],"predecessor-version":[{"id":431,"href":"https:\/\/education-freinet-emancipation.org\/index.php\/wp-json\/wp\/v2\/pages\/283\/revisions\/431"}],"wp:attachment":[{"href":"https:\/\/education-freinet-emancipation.org\/index.php\/wp-json\/wp\/v2\/media?parent=283"}],"curies":[{"name":"wp","href":"https:\/\/api.w.org\/{rel}","templated":true}]}}