{"id":343,"date":"2026-01-27T17:13:59","date_gmt":"2026-01-27T16:13:59","guid":{"rendered":"https:\/\/education-freinet-emancipation.org\/?page_id=343"},"modified":"2026-01-27T17:27:22","modified_gmt":"2026-01-27T16:27:22","slug":"un-debat-improvise","status":"publish","type":"page","link":"https:\/\/education-freinet-emancipation.org\/index.php\/priorite-a-la-vie-moments-vecus-en-classe\/un-debat-improvise\/","title":{"rendered":"Un d\u00e9bat improvis\u00e9"},"content":{"rendered":"<div id=\"pl-343\"  class=\"panel-layout\" ><div id=\"pg-343-0\"  class=\"panel-grid panel-no-style\" ><div id=\"pgc-343-0-0\"  class=\"panel-grid-cell\" ><div id=\"panel-343-0-0-0\" class=\"so-panel widget widget_sow-editor panel-first-child\" data-index=\"0\" ><div\n\t\t\t\n\t\t\tclass=\"so-widget-sow-editor so-widget-sow-editor-base\"\n\t\t\t\n\t\t>\n<div class=\"siteorigin-widget-tinymce textwidget\">\n\t<\/div>\n<\/div><\/div><div id=\"panel-343-0-0-1\" class=\"so-panel widget widget_sow-image panel-last-child\" data-index=\"1\" ><div\n\t\t\t\n\t\t\tclass=\"so-widget-sow-image so-widget-sow-image-default-8b5b6f678277-343\"\n\t\t\t\n\t\t>\n<div class=\"sow-image-container\">\n\t\t<img \n\tsrc=\"https:\/\/education-freinet-emancipation.org\/wp-content\/uploads\/2026\/01\/anectote03.jpg\" width=\"360\" height=\"360\" srcset=\"https:\/\/education-freinet-emancipation.org\/wp-content\/uploads\/2026\/01\/anectote03.jpg 360w, https:\/\/education-freinet-emancipation.org\/wp-content\/uploads\/2026\/01\/anectote03-300x300.jpg 300w, https:\/\/education-freinet-emancipation.org\/wp-content\/uploads\/2026\/01\/anectote03-150x150.jpg 150w\" sizes=\"(max-width: 360px) 100vw, 360px\" alt=\"\" \t\tclass=\"so-widget-image\"\/>\n\t<\/div>\n\n<\/div><\/div><\/div><div id=\"pgc-343-0-1\"  class=\"panel-grid-cell panel-grid-cell-mobile-last\" ><div id=\"panel-343-0-1-0\" class=\"so-panel widget widget_sow-editor panel-first-child panel-last-child\" data-index=\"2\" ><div\n\t\t\t\n\t\t\tclass=\"so-widget-sow-editor so-widget-sow-editor-base\"\n\t\t\t\n\t\t>\n<div class=\"siteorigin-widget-tinymce textwidget\">\n\t<p style=\"text-align: justify;\">Il est huit heures trente, un coup de sifflet retentit&nbsp;: c\u2019est l\u2019heure&nbsp;!<br \/>\nTous les enfants de l\u2019\u00e9cole viennent se ranger. Tous&nbsp;? Non, il manque un rang entier d\u2019enfants et leur ma\u00eetresse.<br \/>\nLa directrice aper\u00e7oit alors un groupe d\u2019enfants accroupis au fond de la cour. Elle les rappelle \u00e0 l\u2019ordre vivement. Je me rel\u00e8ve et, me voyant, elle est rassur\u00e9e et rebrousse chemin.<br \/>\nElle accepte volontiers nos incartades au r\u00e8glement g\u00e9n\u00e9ral&nbsp;: j\u2019ai la chance d\u2019\u00eatre accept\u00e9e au sein de cette \u00e9cole tr\u00e8s traditionnelle.<\/p>\n<p style=\"text-align: justify;\">Le matin, des enfants \u00e9taient venus me chercher en classe&nbsp;: <i>\u00ab\u00a0Monique viens voir, il y a une araign\u00e9e qui tisse sa toile.\u00a0\u00bb<\/i><\/p>\n<p style=\"text-align: justify;\">Je suis donc all\u00e9e retrouver mes \u00e9l\u00e8ves (7\/8 ans) au fond de la cour et nous observons, accroupis devant l\u2019araign\u00e9e qui \u0153uvre. Beaucoup de questions et aussi des hypoth\u00e8ses&nbsp;:<br \/>\n<i>\u00ab\u00a0Comment fait-elle pour ne pas tomber\u2026 d\u2019o\u00f9 vient le fil\u2026 fait-elle n\u2019importe comment\u2026 comment tient-elle\u2026 elle ne tombe pas\u2026 elle a un gros ventre, la bobine de fil est dedans\u2026 mais non elle le fabrique au fur et \u00e0 mesure\u2026 comment elle a appris \u00e0 faire la toile\u2026 etc.\u00a0\u00bb<br \/>\n<\/i>Bref, un d\u00e9bat s\u2019installe. Bien captiv\u00e9s par leurs observations, les enfants ne r\u00e9agissent pas au coup de sifflet et moi je me r\u00e9gale \u00e0 animer ce d\u00e9bat, sans donner de r\u00e9ponse. Alors je ne l\u2019ai pas arr\u00eat\u00e9.<br \/>\nNous restons l\u00e0 longtemps, jusqu\u2019au moment o\u00f9 je m\u2019aper\u00e7ois que quelques enfants d\u00e9crochent. Nous rentrons en classe, la matin\u00e9e \u00e9tant largement entam\u00e9e.<\/p>\n<p style=\"text-align: justify;\">Nous d\u00e9cidons de la suite&nbsp;: en collectif, \u00e9criture des certitudes que nous avons et des questions qui restent pos\u00e9es. Et en individuel, \u00e9criture d\u2019un texte et\/ou un dessin. L\u2019apr\u00e8s-midi, nous irons au centre documentaire de l\u2019\u00e9cole pour trouver des r\u00e9ponses.<\/p>\n<p style=\"text-align: justify;\">Le programme de la journ\u00e9e a \u00e9t\u00e9 chamboul\u00e9, aucune h\u00e9sitation de ma part. La classe a un emploi du temps \u00e9tabli avec des rituels mais quand la vie est l\u00e0, nous la saisissons avec ce qu\u2019elle apporte&nbsp;: connaissances mais aussi \u00e9merveillement, d\u00e9sir, joie de voir et comprendre\u2026 Joie aussi pour moi de constater l\u2019entente, la complicit\u00e9 dans mon groupe, le plaisir d\u2019\u00eatre ensemble pour construire.<\/p>\n<p style=\"text-align: justify;\">\n<\/div>\n<\/div><\/div><\/div><div id=\"pgc-343-0-2\"  class=\"panel-grid-cell panel-grid-cell-empty\" ><\/div><\/div><\/div>","protected":false},"excerpt":{"rendered":"<p>Il est huit heures trente, un coup de sifflet retentit&nbsp;: c\u2019est l\u2019heure&nbsp;! Tous les enfants de l\u2019\u00e9cole viennent se ranger. Tous&nbsp;? Non, il manque un rang entier d\u2019enfants et leur ma\u00eetresse. La directrice aper\u00e7oit alors un groupe d\u2019enfants accroupis au fond de la cour. Elle les rappelle \u00e0 l\u2019ordre vivement. Je me [&hellip;]<\/p>","protected":false},"author":1,"featured_media":0,"parent":247,"menu_order":0,"comment_status":"closed","ping_status":"closed","template":"","meta":{"footnotes":""},"class_list":["post-343","page","type-page","status-publish","czr-hentry"],"_links":{"self":[{"href":"https:\/\/education-freinet-emancipation.org\/index.php\/wp-json\/wp\/v2\/pages\/343","targetHints":{"allow":["GET"]}}],"collection":[{"href":"https:\/\/education-freinet-emancipation.org\/index.php\/wp-json\/wp\/v2\/pages"}],"about":[{"href":"https:\/\/education-freinet-emancipation.org\/index.php\/wp-json\/wp\/v2\/types\/page"}],"author":[{"embeddable":true,"href":"https:\/\/education-freinet-emancipation.org\/index.php\/wp-json\/wp\/v2\/users\/1"}],"replies":[{"embeddable":true,"href":"https:\/\/education-freinet-emancipation.org\/index.php\/wp-json\/wp\/v2\/comments?post=343"}],"version-history":[{"count":5,"href":"https:\/\/education-freinet-emancipation.org\/index.php\/wp-json\/wp\/v2\/pages\/343\/revisions"}],"predecessor-version":[{"id":354,"href":"https:\/\/education-freinet-emancipation.org\/index.php\/wp-json\/wp\/v2\/pages\/343\/revisions\/354"}],"up":[{"embeddable":true,"href":"https:\/\/education-freinet-emancipation.org\/index.php\/wp-json\/wp\/v2\/pages\/247"}],"wp:attachment":[{"href":"https:\/\/education-freinet-emancipation.org\/index.php\/wp-json\/wp\/v2\/media?parent=343"}],"curies":[{"name":"wp","href":"https:\/\/api.w.org\/{rel}","templated":true}]}}